{"id":273,"date":"2026-02-15T15:54:36","date_gmt":"2026-02-15T15:54:36","guid":{"rendered":"https:\/\/www.mmdc.pl\/?page_id=273"},"modified":"2026-02-23T17:04:13","modified_gmt":"2026-02-23T17:04:13","slug":"aktualnosci-2","status":"publish","type":"page","link":"https:\/\/www.mmdc.pl\/en\/aktualnosci-2\/","title":{"rendered":"News"},"content":{"rendered":"\n<p><\/p>\n\n\n\n<p><strong>We&#8217;re going on our first mini-concert tour of the new year. We&#8217;ll be playing and singing Lenten songs<\/strong>. <\/p>\n\n\n\n<p>February 21, 2026, 4:30 PM, Sadlno near Trzebiat\u00f3w. More details on <a href=\"https:\/\/www.teatrkana.pl\/repertuar\/wpis\/memento-mori-dance-club,1084\" data-type=\"link\" data-id=\"https:\/\/www.teatrkana.pl\/repertuar\/wpis\/memento-mori-dance-club,1084\" target=\"_blank\" rel=\"noreferrer noopener\">Teatr Kana website <\/a><\/p>\n\n\n\n<p> February 22, 2026, 4:30 PM, House of Plague in Gda\u0144sk. The <a href=\"https:\/\/www.facebook.com\/events\/1446381263859050?acontext=%7B%22event_action_history%22%3A[%7B%22surface%22%3A%22user_timeline%22%7D%2C%7B%22mechanism%22%3A%22attachment%22%2C%22surface%22%3A%22newsfeed%22%7D]%2C%22ref_notif_type%22%3Anull%7D\" data-type=\"link\" data-id=\"https:\/\/www.facebook.com\/events\/1446381263859050?acontext=%7B%22event_action_history%22%3A[%7B%22surface%22%3A%22user_timeline%22%7D%2C%7B%22mechanism%22%3A%22attachment%22%2C%22surface%22%3A%22newsfeed%22%7D]%2C%22ref_notif_type%22%3Anull%7D\" target=\"_blank\" rel=\"noreferrer noopener\">Tr\u00f3jwiejska Association<\/a> invites you. <\/p>\n\n\n\n<p>We&#8217;re getting ready for a concert on Polish Radio. March 8, 2026, 5:00 PM, <a href=\"https:\/\/www.polskieradio.pl\/8\/5660\/Artykul\/3651607,memento-mori-dance-club-w-studiu-polskiego-radia-im-w-szpilmana\" data-type=\"link\" data-id=\"https:\/\/studianagran.com.pl\/artykul\/2398639,studio-polskiego-radia-im.-wladyslawa-szpilmana---al.-niepodleglosci-7785\" target=\"_blank\" rel=\"noreferrer noopener\">Studio Szpilmana<\/a>. A broadcast on Channel 2 is planned.<\/p>\n\n\n\n<p><\/p>\n","protected":false},"excerpt":{"rendered":"<p>We&#8217;re going on our first mini-concert tour of the new year. We&#8217;ll be playing and singing Lenten songs. February 21, 2026, 4:30 PM, Sadlno near Trzebiat\u00f3w. More details on Teatr Kana website February 22, 2026, 4:30 PM, House of Plague in Gda\u0144sk. The Tr\u00f3jwiejska Association invites you. We&#8217;re getting ready for a concert on Polish [&hellip;]<\/p>\n","protected":false},"author":1,"featured_media":0,"parent":0,"menu_order":0,"comment_status":"closed","ping_status":"closed","template":"","meta":{"footnotes":""},"class_list":["post-273","page","type-page","status-publish","hentry"],"_links":{"self":[{"href":"https:\/\/www.mmdc.pl\/en\/wp-json\/wp\/v2\/pages\/273","targetHints":{"allow":["GET"]}}],"collection":[{"href":"https:\/\/www.mmdc.pl\/en\/wp-json\/wp\/v2\/pages"}],"about":[{"href":"https:\/\/www.mmdc.pl\/en\/wp-json\/wp\/v2\/types\/page"}],"author":[{"embeddable":true,"href":"https:\/\/www.mmdc.pl\/en\/wp-json\/wp\/v2\/users\/1"}],"replies":[{"embeddable":true,"href":"https:\/\/www.mmdc.pl\/en\/wp-json\/wp\/v2\/comments?post=273"}],"version-history":[{"count":5,"href":"https:\/\/www.mmdc.pl\/en\/wp-json\/wp\/v2\/pages\/273\/revisions"}],"predecessor-version":[{"id":406,"href":"https:\/\/www.mmdc.pl\/en\/wp-json\/wp\/v2\/pages\/273\/revisions\/406"}],"wp:attachment":[{"href":"https:\/\/www.mmdc.pl\/en\/wp-json\/wp\/v2\/media?parent=273"}],"curies":[{"name":"wp","href":"https:\/\/api.w.org\/{rel}","templated":true}]}}