{"id":235,"date":"2026-02-12T09:14:18","date_gmt":"2026-02-12T09:14:18","guid":{"rendered":"https:\/\/www.mmdc.pl\/?page_id=235"},"modified":"2026-04-09T07:42:56","modified_gmt":"2026-04-09T07:42:56","slug":"aktualnosci-3","status":"publish","type":"page","link":"https:\/\/www.mmdc.pl\/en\/aktualnosci-3\/","title":{"rendered":"News"},"content":{"rendered":"\n<div class=\"wp-block-group is-content-justification-left is-layout-constrained wp-container-core-group-is-layout-24554e66 wp-block-group-is-layout-constrained\" style=\"padding-top:var(--wp--preset--spacing--40);padding-right:var(--wp--preset--spacing--50);padding-bottom:var(--wp--preset--spacing--40);padding-left:7%\">\n<p>06.04.2026 <strong>|<\/strong> godz. 16.05 <\/p>\n\n\n\n<p>Rozmowa w Radio Olsztyn z muzykami Memento Mori Dance  Club o p\u0142ycie Ta\u0144ce zaduszne.<\/p>\n\n\n\n<p>Rozmow\u0119 prowadzi Alicja Kulik<\/p>\n\n\n\n<figure class=\"wp-block-audio\"><audio controls src=\"https:\/\/archiwum.radioolsztyn.pl\/media\/mp3\/004da1a2.mp3\"><\/audio><\/figure>\n\n\n\n<hr class=\"wp-block-separator has-text-color has-ti-bg-alt-color has-alpha-channel-opacity has-ti-bg-alt-background-color has-background is-style-wide\" style=\"margin-top:var(--wp--preset--spacing--60);margin-bottom:var(--wp--preset--spacing--60)\"\/>\n\n\n\n<p><strong>08.03.2026 | godz. 17.00<\/strong><\/p>\n\n\n\n<p>Koncert w Polskim Radiu (Planowana jest transmisja w radiowej Dw\u00f3jce)<\/p>\n\n\n\n<p>Studio PR im. W. Szpilmana, al. Niepodleg\u0142o\u015bci 77\/85, Warszawa<\/p>\n\n\n\n<p><a href=\"https:\/\/www.facebook.com\/events\/766197439463056\/\" data-type=\"link\" data-id=\"https:\/\/www.facebook.com\/events\/766197439463056\/\" target=\"_blank\" rel=\"noreferrer noopener\">Zobacz wydarzenie \u2192<\/a><\/p>\n\n\n\n<hr class=\"wp-block-separator has-text-color has-ti-bg-alt-color has-alpha-channel-opacity has-ti-bg-alt-background-color has-background is-style-wide\" style=\"margin-top:var(--wp--preset--spacing--60);margin-bottom:var(--wp--preset--spacing--60)\"\/>\n\n\n\n<p><strong>07.03.2026 | godz. 16:30<\/strong> <\/p>\n\n\n\n<p>Spotkanie \u015bpiewacze w Toruniu<\/p>\n\n\n\n<p>Toru\u0144, Torunianka Caf\u00e9<\/p>\n\n\n\n<p><a href=\"https:\/\/www.facebook.com\/events\/1242616917315783\" data-type=\"link\" data-id=\"https:\/\/www.facebook.com\/events\/1242616917315783\" target=\"_blank\" rel=\"noreferrer noopener\">Zobacz wydarzenie \u2192<\/a><\/p>\n\n\n\n<hr class=\"wp-block-separator has-text-color has-ti-bg-alt-color has-alpha-channel-opacity has-ti-bg-alt-background-color has-background is-style-wide\" style=\"margin-top:var(--wp--preset--spacing--60);margin-bottom:var(--wp--preset--spacing--60)\"\/>\n\n\n\n<p><strong>06.03.2026 | godz. 19:00<\/strong> <\/p>\n\n\n\n<p>Koncert MMDC w Zagrodzie Inicjatyw Tw\u00f3rczych w Swo\u0142owie<\/p>\n\n\n\n<p>Zagroda Inicjatyw Tw\u00f3rczych (Swo\u0142owo 5)<br><a href=\"https:\/\/www.facebook.com\/events\/909507321831734\" data-type=\"link\" data-id=\"https:\/\/www.facebook.com\/events\/909507321831734\" target=\"_blank\" rel=\"noreferrer noopener\">Zobacz wydarzenie \u2192<\/a><\/p>\n\n\n\n<hr class=\"wp-block-separator has-text-color has-ti-bg-alt-color has-alpha-channel-opacity has-ti-bg-alt-background-color has-background is-style-wide\" style=\"margin-top:var(--wp--preset--spacing--60);margin-bottom:var(--wp--preset--spacing--60)\"\/>\n\n\n\n<p><strong>04.03.2026 | godz. 12,00<\/strong> <\/p>\n\n\n\n<p>Program Drugi Polskiego Radia, \u201cZr\u00f3d\u0142a\u201d<br>o pierwszej p\u0142ycie MMDC rozmawiaj\u0105 Kuba Borysiak i Witek Wojciechowski<\/p>\n\n\n\n<p><a href=\"https:\/\/www.polskieradio.pl\/dwojka\/audycje\/zrodla-magazyn-kultury-ludowej,478\" data-type=\"link\" data-id=\"https:\/\/www.polskieradio.pl\/dwojka\/audycje\/zrodla-magazyn-kultury-ludowej,478\" target=\"_blank\" rel=\"noreferrer noopener\">Audycja \u0179r\u00f3d\u0142a \u2192<\/a><\/p>\n\n\n\n<hr class=\"wp-block-separator has-text-color has-ti-bg-alt-color has-alpha-channel-opacity has-ti-bg-alt-background-color has-background is-style-wide\" style=\"margin-top:var(--wp--preset--spacing--60);margin-bottom:var(--wp--preset--spacing--60)\"\/>\n\n\n\n<p><strong>01.03.2026 | godz. 13.05<\/strong><\/p>\n\n\n\n<p>Rozmowa z Piotrem Piszczatowskim i Maciejem \u017burkiem w audycji Dancing, salon, ulica.<\/p>\n\n\n\n<p>w Programie Trzecim Polskiego Radia<br><a href=\"https:\/\/www.polskieradio.pl\/9,Trojka\/6917,Dancing-salon-ulica\">Dancing, salon, ulica \u2192<\/a> <\/p>\n\n\n\n<p><\/p>\n\n\n\n<hr class=\"wp-block-separator has-text-color has-ti-bg-alt-color has-alpha-channel-opacity has-ti-bg-alt-background-color has-background is-style-wide\" style=\"margin-top:var(--wp--preset--spacing--60);margin-bottom:var(--wp--preset--spacing--60)\"\/>\n\n\n\n<p class=\"has-text-color has-link-color wp-elements-403da5293e69c8f576d5f868b943ae07\" style=\"color:#a2a2a2\"><strong>22.02.2026 | godz. 16. 30 <\/strong><\/p>\n\n\n\n<p class=\"has-text-color has-link-color wp-elements-958a17f488f840f2ac19ef4b03ed16ab\" style=\"color:#a2a2a2\">Dom Zarazy w Gda\u0144sku. <br>Zaprasza <a href=\"https:\/\/www.facebook.com\/events\/1446381263859050?acontext=%7B%22event_action_history%22%3A[%7B%22surface%22%3A%22user_timeline%22%7D%2C%7B%22mechanism%22%3A%22attachment%22%2C%22surface%22%3A%22newsfeed%22%7D]%2C%22ref_notif_type%22%3Anull%7D\" data-type=\"link\" data-id=\"https:\/\/www.facebook.com\/events\/1446381263859050?acontext=%7B%22event_action_history%22%3A[%7B%22surface%22%3A%22user_timeline%22%7D%2C%7B%22mechanism%22%3A%22attachment%22%2C%22surface%22%3A%22newsfeed%22%7D]%2C%22ref_notif_type%22%3Anull%7D\" target=\"_blank\" rel=\"noreferrer noopener\">Stowarzyszenie Tr\u00f3jwiejska<\/a><\/p>\n\n\n\n<hr class=\"wp-block-separator has-text-color has-ti-bg-alt-color has-alpha-channel-opacity has-ti-bg-alt-background-color has-background is-style-wide\" style=\"margin-top:var(--wp--preset--spacing--60);margin-bottom:var(--wp--preset--spacing--60)\"\/>\n\n\n\n<p class=\"has-text-color has-link-color wp-elements-bcd1dd79d1d39ef49d68e5df9ef76291\" style=\"color:#a2a2a2\"><strong>21.02.2026 | godz. 16.30<\/strong><br>Sadlno ko\u0142o Trzebiatowa. Wi\u0119cej szczeg\u00f3\u0142\u00f3w na stronie <a href=\"https:\/\/www.teatrkana.pl\/repertuar\/wpis\/memento-mori-dance-club,1084\" data-type=\"link\" data-id=\"https:\/\/www.teatrkana.pl\/repertuar\/wpis\/memento-mori-dance-club,1084\" target=\"_blank\" rel=\"noreferrer noopener\">Teatru Kana<\/a><\/p>\n<\/div>\n\n\n\n<hr class=\"wp-block-separator has-text-color has-ti-bg-alt-color has-alpha-channel-opacity has-ti-bg-alt-background-color has-background is-style-wide\" style=\"margin-top:var(--wp--preset--spacing--60);margin-bottom:var(--wp--preset--spacing--60)\"\/>\n\n\n\n<p><\/p>\n","protected":false},"excerpt":{"rendered":"<p>06.04.2026 | godz. 16.05 Rozmowa w Radio Olsztyn z muzykami Memento Mori Dance Club o p\u0142ycie Ta\u0144ce zaduszne. Rozmow\u0119 prowadzi Alicja Kulik 08.03.2026 | godz. 17.00 Koncert w Polskim Radiu (Planowana jest transmisja w radiowej Dw\u00f3jce) Studio PR im. W. Szpilmana, al. Niepodleg\u0142o\u015bci 77\/85, Warszawa Zobacz wydarzenie \u2192 07.03.2026 | godz. 16:30 Spotkanie \u015bpiewacze w [&hellip;]<\/p>\n","protected":false},"author":1,"featured_media":0,"parent":0,"menu_order":0,"comment_status":"closed","ping_status":"closed","template":"","meta":{"footnotes":""},"class_list":["post-235","page","type-page","status-publish","hentry"],"_links":{"self":[{"href":"https:\/\/www.mmdc.pl\/en\/wp-json\/wp\/v2\/pages\/235","targetHints":{"allow":["GET"]}}],"collection":[{"href":"https:\/\/www.mmdc.pl\/en\/wp-json\/wp\/v2\/pages"}],"about":[{"href":"https:\/\/www.mmdc.pl\/en\/wp-json\/wp\/v2\/types\/page"}],"author":[{"embeddable":true,"href":"https:\/\/www.mmdc.pl\/en\/wp-json\/wp\/v2\/users\/1"}],"replies":[{"embeddable":true,"href":"https:\/\/www.mmdc.pl\/en\/wp-json\/wp\/v2\/comments?post=235"}],"version-history":[{"count":50,"href":"https:\/\/www.mmdc.pl\/en\/wp-json\/wp\/v2\/pages\/235\/revisions"}],"predecessor-version":[{"id":1560,"href":"https:\/\/www.mmdc.pl\/en\/wp-json\/wp\/v2\/pages\/235\/revisions\/1560"}],"wp:attachment":[{"href":"https:\/\/www.mmdc.pl\/en\/wp-json\/wp\/v2\/media?parent=235"}],"curies":[{"name":"wp","href":"https:\/\/api.w.org\/{rel}","templated":true}]}}