{"id":173,"date":"2025-11-18T04:45:40","date_gmt":"2025-11-18T04:45:40","guid":{"rendered":"https:\/\/www.mmdc.pl\/?page_id=173"},"modified":"2026-04-01T20:00:41","modified_gmt":"2026-04-01T20:00:41","slug":"zrzutka","status":"publish","type":"page","link":"https:\/\/www.mmdc.pl\/en\/zrzutka\/","title":{"rendered":"Fundraiser to the album"},"content":{"rendered":"<div class=\"wp-block-group is-content-justification-left is-layout-constrained wp-container-core-group-is-layout-a62a0f32 wp-block-group-is-layout-constrained\" style=\"margin-top:0;margin-bottom:0;padding-right:0%;padding-left:7%\">\n<p class=\"translation-block\">Ladies and Gentlemen,<br>Memento Mori Dance Club has been working on its debut album for several months. In December, we enter the studio and our wish is to release this album beautifully, with a booklet and lyrics about old songs, with top-notch artwork.<br>Therefore, we ask for your support! If you like our idea, if you are interested in the directions of our exploration, check out this <a href=\"https:\/\/zrzutka.pl\/7x3a7v\" target=\"_blank\" rel=\"noopener\">FUNDRAISER<\/a>.<br>Thanks to you, a beautiful album will be released; a dialogue between noble and peasant culture, between what is holy and sinful, dance and contemplation.<br>Remembering the ultimate things, we ask for your support in temporal matters.<br>Your Memento.<\/p>\n<\/div>","protected":false},"excerpt":{"rendered":"<p>Szanowni Pa\u0144stwo,Memento Mori Dance Club od kilku miesi\u0119cy pracuje nad swoj\u0105 debiutanck\u0105 p\u0142yt\u0105. W grudniu wchodzimy do studia i naszym \u017cyczeniem jest wyda\u0107 ten album pi\u0119knie z ksi\u0105\u017ceczk\u0105 i tekstami o dawnych pie\u015bniach, z opraw\u0105 graficzn\u0105 na najwy\u017cszym poziomie.Dlatego prosimy Was o wsparcie! Je\u015bli mi\u0142a jest Wam nasza idea, je\u015bli interesuj\u0105 Was kierunki naszych eksploracji, [&hellip;]<\/p>\n","protected":false},"author":1,"featured_media":0,"parent":0,"menu_order":0,"comment_status":"closed","ping_status":"closed","template":"","meta":{"footnotes":""},"class_list":["post-173","page","type-page","status-publish","hentry"],"_links":{"self":[{"href":"https:\/\/www.mmdc.pl\/en\/wp-json\/wp\/v2\/pages\/173","targetHints":{"allow":["GET"]}}],"collection":[{"href":"https:\/\/www.mmdc.pl\/en\/wp-json\/wp\/v2\/pages"}],"about":[{"href":"https:\/\/www.mmdc.pl\/en\/wp-json\/wp\/v2\/types\/page"}],"author":[{"embeddable":true,"href":"https:\/\/www.mmdc.pl\/en\/wp-json\/wp\/v2\/users\/1"}],"replies":[{"embeddable":true,"href":"https:\/\/www.mmdc.pl\/en\/wp-json\/wp\/v2\/comments?post=173"}],"version-history":[{"count":8,"href":"https:\/\/www.mmdc.pl\/en\/wp-json\/wp\/v2\/pages\/173\/revisions"}],"predecessor-version":[{"id":1547,"href":"https:\/\/www.mmdc.pl\/en\/wp-json\/wp\/v2\/pages\/173\/revisions\/1547"}],"wp:attachment":[{"href":"https:\/\/www.mmdc.pl\/en\/wp-json\/wp\/v2\/media?parent=173"}],"curies":[{"name":"wp","href":"https:\/\/api.w.org\/{rel}","templated":true}]}}